{"id":1362,"date":"2016-07-06T15:43:48","date_gmt":"2016-07-06T13:43:48","guid":{"rendered":"http:\/\/about.itwapp.io\/fr\/?page_id=1362"},"modified":"2016-07-25T18:08:01","modified_gmt":"2016-07-25T16:08:01","slug":"clients","status":"publish","type":"page","link":"https:\/\/about.itwapp.io\/fr\/clients\/","title":{"rendered":"Success Stories Clients"},"content":{"rendered":"<div class=\"fusion-fullwidth fullwidth-box fusion-fullwidth-1  fusion-parallax-none\" style=\"border-color:#eaeaea;border-bottom-width: 0px;border-top-width: 0px;border-bottom-style: solid;border-top-style: solid;padding-bottom:20px;padding-left:0px;padding-right:0px;padding-top:0px;background-position:left top;background-repeat:no-repeat;-webkit-background-size:cover;-moz-background-size:cover;-o-background-size:cover;background-size:cover;\"><style type=\"text\/css\" scoped=\"scoped\">.fusion-fullwidth-1 {\n\t\t\t\t\t\t\tpadding-left: 0px !important;\n\t\t\t\t\t\t\tpadding-right: 0px !important;\n\t\t\t\t\t\t}<\/style><div class=\"fusion-row\"><div class=\"fusion-title title fusion-title-size-one\"><h1 class=\"title-heading-left\">Success Stories Clients<\/h1><div class=\"title-sep-container\"><div class=\"title-sep sep-none\"><\/div><\/div><\/div><div class=\"fusion-sep-clear\"><\/div><div class=\"fusion-separator fusion-full-width-sep sep-single\" style=\"border-color:#eaeaea;border-top-width:1px;margin-left: auto;margin-right: auto;margin-top:0px;margin-bottom:30px;\"><\/div><p>Merci de prendre le temps d\u2019en savoir plus sur\u00a0les diff\u00e9rents usages\u00a0d&#8217;InterviewApp. Vous trouverez ci-dessous\u00a0des informations sur la fa\u00e7on dont nos clients utilisent InterviewApp, ce que vous pouvez faire avec InterviewApp, et comment nous pouvons vous aider. Si vous avez encore des questions apr\u00e8s lecture, vous pouvez\u00a0<a href=\"mailto:team@itwapp.io\">nous contacter par email<\/a>\u00a0ou cliquez sur le bouton en bas \u00e0 droite de votre \u00e9cran pour discuter directement avec nous.\u00a0Si vous aussi, vous souhaitez raconter votre histoire avec InterviewApp, <a href=\"mailto:team@itwapp.io\">\u00e9crivez-nous<\/a> !<\/p>\n<\/div><\/div><div class=\"fusion-fullwidth fullwidth-box fusion-fullwidth-2  fusion-parallax-none\" style=\"border-color:#eaeaea;border-bottom-width: 0px;border-top-width: 0px;border-bottom-style: solid;border-top-style: solid;padding-bottom:20px;padding-left:0px;padding-right:0px;padding-top:0px;background-position:left top;background-repeat:no-repeat;-webkit-background-size:cover;-moz-background-size:cover;-o-background-size:cover;background-size:cover;\"><style type=\"text\/css\" scoped=\"scoped\">.fusion-fullwidth-2 {\n\t\t\t\t\t\t\tpadding-left: 0px !important;\n\t\t\t\t\t\t\tpadding-right: 0px !important;\n\t\t\t\t\t\t}<\/style><div class=\"fusion-row\"><div class=\"fusion-recent-works fusion-recent-works-1 fusion-recent-works-grid fusion-portfolio fusion-portfolio-three fusion-portfolio-unboxed\" data-columns=\"three\"><style type=\"text\/css\">.fusion-recent-works-1 .fusion-portfolio-wrapper .fusion-col-spacing{padding:6px;}<\/style><div class=\"fusion-portfolio-wrapper\" data-picturesize=\"auto\" style=\"margin: -6px;\"><div class=\"fusion-portfolio-post fusion-col-spacing\"><div class=\"fusion-portfolio-content-wrapper\"><span class=\"entry-title\" style=\"display: none;\">Groupe Adecco France<\/span><span class=\"vcard\" style=\"display: none;\"><span class=\"fn\"><a href=\"https:\/\/about.itwapp.io\/fr\/author\/juliendargaisse\/\" title=\"Posts by Julien\" rel=\"author\">Julien<\/a><\/span><\/span><span class=\"updated\" style=\"display:none;\">2017-02-06T13:36:05+01:00<\/span><div class=\"fusion-image-wrapper\" aria-haspopup=\"true\"><a href=\"https:\/\/about.itwapp.io\/fr\/cas-clients\/adecco\/\"><img loading=\"lazy\" decoding=\"async\" width=\"470\" height=\"300\" src=\"https:\/\/about.itwapp.io\/wp-content\/uploads\/2016\/07\/adecco-featured.png\" class=\"attachment-full size-full wp-post-image\" alt=\"Adecco\" srcset=\"https:\/\/about.itwapp.io\/wp-content\/uploads\/2016\/07\/adecco-featured.png 470w, https:\/\/about.itwapp.io\/wp-content\/uploads\/2016\/07\/adecco-featured-300x191.png 300w, https:\/\/about.itwapp.io\/wp-content\/uploads\/2016\/07\/adecco-featured-460x295.png 460w\" sizes=\"auto, (max-width: 470px) 100vw, 470px\" \/><\/a><\/div><\/div><\/div><div class=\"fusion-portfolio-post fusion-col-spacing\"><div class=\"fusion-portfolio-content-wrapper\"><span class=\"entry-title\" style=\"display: none;\">RegionsJob<\/span><span class=\"vcard\" style=\"display: none;\"><span class=\"fn\"><a href=\"https:\/\/about.itwapp.io\/fr\/author\/juliendargaisse\/\" title=\"Posts by Julien\" rel=\"author\">Julien<\/a><\/span><\/span><span class=\"updated\" style=\"display:none;\">2017-02-06T13:38:01+01:00<\/span><div class=\"fusion-image-wrapper\" aria-haspopup=\"true\"><a href=\"https:\/\/about.itwapp.io\/fr\/cas-clients\/regionsjob\/\"><img loading=\"lazy\" decoding=\"async\" width=\"470\" height=\"300\" src=\"https:\/\/about.itwapp.io\/wp-content\/uploads\/2016\/04\/regionsjob.png\" class=\"attachment-full size-full wp-post-image\" alt=\"RegionsJob\" srcset=\"https:\/\/about.itwapp.io\/wp-content\/uploads\/2016\/04\/regionsjob.png 470w, https:\/\/about.itwapp.io\/wp-content\/uploads\/2016\/04\/regionsjob-300x191.png 300w, https:\/\/about.itwapp.io\/wp-content\/uploads\/2016\/04\/regionsjob-460x295.png 460w\" sizes=\"auto, (max-width: 470px) 100vw, 470px\" \/><\/a><\/div><\/div><\/div><div class=\"fusion-portfolio-post fusion-col-spacing\"><div class=\"fusion-portfolio-content-wrapper\"><span class=\"entry-title\" style=\"display: none;\">EM Normandie<\/span><span class=\"vcard\" style=\"display: none;\"><span class=\"fn\"><a href=\"https:\/\/about.itwapp.io\/fr\/author\/juliendargaisse\/\" title=\"Posts by Julien\" rel=\"author\">Julien<\/a><\/span><\/span><span class=\"updated\" style=\"display:none;\">2020-11-23T12:39:20+01:00<\/span><div class=\"fusion-image-wrapper\" aria-haspopup=\"true\"><a href=\"https:\/\/about.itwapp.io\/fr\/cas-clients\/em-normandie\/\"><img loading=\"lazy\" decoding=\"async\" width=\"470\" height=\"300\" src=\"https:\/\/about.itwapp.io\/wp-content\/uploads\/2016\/04\/em-normandie.png\" class=\"attachment-full size-full wp-post-image\" alt=\"EM Normandie\" srcset=\"https:\/\/about.itwapp.io\/wp-content\/uploads\/2016\/04\/em-normandie.png 470w, https:\/\/about.itwapp.io\/wp-content\/uploads\/2016\/04\/em-normandie-300x191.png 300w, https:\/\/about.itwapp.io\/wp-content\/uploads\/2016\/04\/em-normandie-460x295.png 460w\" sizes=\"auto, (max-width: 470px) 100vw, 470px\" \/><\/a><\/div><\/div><\/div><div class=\"fusion-portfolio-post fusion-col-spacing\"><div class=\"fusion-portfolio-content-wrapper\"><span class=\"entry-title\" style=\"display: none;\">mRHq<\/span><span class=\"vcard\" style=\"display: none;\"><span class=\"fn\"><a href=\"https:\/\/about.itwapp.io\/fr\/author\/marie-gassie\/\" title=\"Posts by Marie\" rel=\"author\">Marie<\/a><\/span><\/span><span class=\"updated\" style=\"display:none;\">2017-02-06T13:37:47+01:00<\/span><div class=\"fusion-image-wrapper\" aria-haspopup=\"true\"><a href=\"https:\/\/about.itwapp.io\/fr\/cas-clients\/mrhq\/\"><img loading=\"lazy\" decoding=\"async\" width=\"470\" height=\"300\" src=\"https:\/\/about.itwapp.io\/wp-content\/uploads\/2016\/09\/banner-mrhq.png\" class=\"attachment-full size-full wp-post-image\" alt=\"\" srcset=\"https:\/\/about.itwapp.io\/wp-content\/uploads\/2016\/09\/banner-mrhq.png 470w, https:\/\/about.itwapp.io\/wp-content\/uploads\/2016\/09\/banner-mrhq-300x191.png 300w, https:\/\/about.itwapp.io\/wp-content\/uploads\/2016\/09\/banner-mrhq-460x295.png 460w\" sizes=\"auto, (max-width: 470px) 100vw, 470px\" \/><\/a><\/div><\/div><\/div><div class=\"fusion-portfolio-post fusion-col-spacing\"><div class=\"fusion-portfolio-content-wrapper\"><span class=\"entry-title\" style=\"display: none;\">Novalto<\/span><span class=\"vcard\" style=\"display: none;\"><span class=\"fn\"><a href=\"https:\/\/about.itwapp.io\/fr\/author\/juliendargaisse\/\" title=\"Posts by Julien\" rel=\"author\">Julien<\/a><\/span><\/span><span class=\"updated\" style=\"display:none;\">2017-02-06T13:38:46+01:00<\/span><div class=\"fusion-image-wrapper\" aria-haspopup=\"true\"><a href=\"https:\/\/about.itwapp.io\/fr\/cas-clients\/novalto\/\"><img loading=\"lazy\" decoding=\"async\" width=\"470\" height=\"300\" src=\"https:\/\/about.itwapp.io\/wp-content\/uploads\/2016\/04\/novalto-banner-portfolio.png\" class=\"attachment-full size-full wp-post-image\" alt=\"Novalto\" srcset=\"https:\/\/about.itwapp.io\/wp-content\/uploads\/2016\/04\/novalto-banner-portfolio.png 470w, https:\/\/about.itwapp.io\/wp-content\/uploads\/2016\/04\/novalto-banner-portfolio-300x191.png 300w, https:\/\/about.itwapp.io\/wp-content\/uploads\/2016\/04\/novalto-banner-portfolio-460x295.png 460w\" sizes=\"auto, (max-width: 470px) 100vw, 470px\" \/><\/a><\/div><\/div><\/div><div class=\"fusion-portfolio-post fusion-col-spacing\"><div class=\"fusion-portfolio-content-wrapper\"><span class=\"entry-title\" style=\"display: none;\">TV Tours Val de Loire<\/span><span class=\"vcard\" style=\"display: none;\"><span class=\"fn\"><a href=\"https:\/\/about.itwapp.io\/fr\/author\/juliendargaisse\/\" title=\"Posts by Julien\" rel=\"author\">Julien<\/a><\/span><\/span><span class=\"updated\" style=\"display:none;\">2017-02-06T13:39:02+01:00<\/span><div class=\"fusion-image-wrapper\" aria-haspopup=\"true\"><a href=\"https:\/\/about.itwapp.io\/fr\/cas-clients\/tv-tours-val-de-loire\/\"><img loading=\"lazy\" decoding=\"async\" width=\"470\" height=\"300\" src=\"https:\/\/about.itwapp.io\/wp-content\/uploads\/2016\/04\/tvtours.png\" class=\"attachment-full size-full wp-post-image\" alt=\"tvtours\" srcset=\"https:\/\/about.itwapp.io\/wp-content\/uploads\/2016\/04\/tvtours.png 470w, https:\/\/about.itwapp.io\/wp-content\/uploads\/2016\/04\/tvtours-300x191.png 300w, https:\/\/about.itwapp.io\/wp-content\/uploads\/2016\/04\/tvtours-460x295.png 460w\" sizes=\"auto, (max-width: 470px) 100vw, 470px\" \/><\/a><\/div><\/div><\/div><\/div><\/div><\/div><\/div><div class=\"fusion-fullwidth fullwidth-box fusion-fullwidth-3  fusion-parallax-none\" style=\"border-color:#eaeaea;border-bottom-width: 0px;border-top-width: 0px;border-bottom-style: solid;border-top-style: solid;padding-bottom:40px;padding-left:0px;padding-right:0px;padding-top:0px;background-position:left top;background-repeat:no-repeat;-webkit-background-size:cover;-moz-background-size:cover;-o-background-size:cover;background-size:cover;\"><style type=\"text\/css\" scoped=\"scoped\">.fusion-fullwidth-3 {\n\t\t\t\t\t\t\tpadding-left: 0px !important;\n\t\t\t\t\t\t\tpadding-right: 0px !important;\n\t\t\t\t\t\t}<\/style><div class=\"fusion-row\"><div class=\"fusion-title title fusion-title-size-two\"><h2 class=\"title-heading-left\">Quelques T\u00e9moignages<\/h2><div class=\"title-sep-container\"><div class=\"title-sep sep-none\"><\/div><\/div><\/div><p style=\"text-align: left;\">Si vous souhaitez vous-aussi t\u00e9moigner de votre exp\u00e9rience avec InterviewApp, <a href=\"mailto:team@itwapp.io\">\u00e9crivez-nous<\/a> !<\/p>\n<div class=\"fusion-sep-clear\"><\/div><div class=\"fusion-separator fusion-full-width-sep sep-single\" style=\"border-color:#eaeaea;border-top-width:1px;margin-left: auto;margin-right: auto;margin-top:0px;margin-bottom:30px;\"><\/div><div class=\"fusion-one-half fusion-layout-column fusion-spacing-yes\" style=\"margin-top:20px;margin-bottom:20px;\"><div class=\"fusion-column-wrapper\"><div class=\"fusion-column-table\"><div class=\"fusion-column-tablecell\"><div class=\"fusion-testimonials clean fusion-testimonials-1\" data-random=\"0\"><style type='text\/css' scoped='scoped'>\n\t\t#fusion-testimonials-1 a{border-color: #747474;}#fusion-testimonials-1 a:hover, #fusion-testimonials-1 .activeSlide{background-color: #747474;}\n\t\t.fusion-testimonials.clean.fusion-testimonials-1 .author:after{border-top-color:#ffffff !important;}<\/style><div class=\"reviews\"><div class=\"review avatar-image\"><div class=\"testimonial-thumbnail\"><img decoding=\"async\" class=\"testimonial-image\" src=\"http:\/\/about.itwapp.io\/..\/uploads\/sites\/2\/2016\/07\/dior.png\" style=\"-webkit-border-radius: 110px;-moz-border-radius: 110px;border-radius: 110px;\" \/><\/div><blockquote style=\"background-color:#ffffff;\"><q style=\"background-color:#ffffff;color:#747474;\">Apr\u00e8s avoir exp\u00e9riment\u00e9 plusieurs solutions d&#8217;entretien vid\u00e9o diff\u00e9r\u00e9, nous avons choisi InterviewApp car l&#8217;outil est tr\u00e8s simple d&#8217;utilisation, tr\u00e8s \u00e9conomique et l&#8217;exp\u00e9rience candidat est la plus intuitive.<\/q><\/blockquote><div class=\"author\" style=\"color:#747474;\"><span class=\"company-name\"><strong>Emilie Maini<\/strong>, <a href=\"https:\/\/fr.linkedin.com\/in\/emiliemainirecruitment\" onclick=\"__gaTracker('send', 'event', 'outbound-article', 'https:\/\/fr.linkedin.com\/in\/emiliemainirecruitment', 'Talent Sourcing Manager chez Christian Dior Couture');\" target=\"_blank\"><span>Talent Sourcing Manager chez Christian Dior Couture<\/span><\/a><\/span><\/div><\/div><\/div><div class=\"testimonial-pagination\" id=\"fusion-testimonials-1\"><\/div><\/div><\/div><\/div><\/div><\/div><div class=\"fusion-one-half fusion-layout-column fusion-column-last fusion-spacing-yes\" style=\"margin-top:20px;margin-bottom:20px;\"><div class=\"fusion-column-wrapper\"><div class=\"fusion-column-table\"><div class=\"fusion-column-tablecell\"><div class=\"fusion-testimonials clean fusion-testimonials-2\" data-random=\"0\"><style type='text\/css' scoped='scoped'>\n\t\t#fusion-testimonials-2 a{border-color: #747474;}#fusion-testimonials-2 a:hover, #fusion-testimonials-2 .activeSlide{background-color: #747474;}\n\t\t.fusion-testimonials.clean.fusion-testimonials-2 .author:after{border-top-color:#ffffff !important;}<\/style><div class=\"reviews\"><div class=\"review avatar-image\"><div class=\"testimonial-thumbnail\"><img decoding=\"async\" class=\"testimonial-image\" src=\"http:\/\/about.itwapp.io\/..\/uploads\/sites\/2\/2016\/07\/pierre-olivier-desaulle.png\" style=\"-webkit-border-radius: 110px;-moz-border-radius: 110px;border-radius: 110px;\" \/><\/div><blockquote style=\"background-color:#ffffff;\"><q style=\"background-color:#ffffff;color:#747474;\">Une excellente solution qui fait gagner un temps fou \u00e0 tout le monde tout en pr\u00e9servant l&#8217;\u00e9quit\u00e9 et l&#8217;humain dans un processus de recrutement aid\u00e9 par la technologie.<\/q><\/blockquote><div class=\"author\" style=\"color:#747474;\"><span class=\"company-name\"><strong>Pierre-Olivier Desaulle<\/strong>, <a href=\"https:\/\/fr.linkedin.com\/in\/pierre-olivier-desaulle-1673531\" onclick=\"__gaTracker('send', 'event', 'outbound-article', 'https:\/\/fr.linkedin.com\/in\/pierre-olivier-desaulle-1673531', 'Directeur G\u00e9n\u00e9ral Europe chez Hiscox');\" target=\"_self\"><span>Directeur G\u00e9n\u00e9ral Europe chez Hiscox<\/span><\/a><\/span><\/div><\/div><\/div><div class=\"testimonial-pagination\" id=\"fusion-testimonials-2\"><\/div><\/div><\/div><\/div><\/div><\/div><div class=\"fusion-clearfix\"><\/div><\/div><\/div><div class=\"fusion-fullwidth fullwidth-box fusion-fullwidth-4  fusion-parallax-none hundred-percent-fullwidth fusion-equal-height-columns\" style=\"border-color:#eaeaea;border-bottom-width: 1px;border-top-width: 1px;border-bottom-style: solid;border-top-style: solid;padding-bottom:50px;padding-left:0px;padding-right:0px;padding-top:80px;background-color:#ffffff;background-position:left top;background-repeat:no-repeat;-webkit-background-size:cover;-moz-background-size:cover;-o-background-size:cover;background-size:cover;\"><style type=\"text\/css\" scoped=\"scoped\">.width-100 .fusion-fullwidth-4, .width-100 .fusion-fullwidth-4.fusion-section-separator {\n\t\t\t\t\t\tpadding-left: 0px !important;\n\t\t\t\t\t\tpadding-right: 0px !important;\n\t\t\t\t\t}@media only screen and (max-width: 1100px) {}<\/style><div class=\"fusion-row\"><p style=\"font-weight: 200; font-size: 30px; line-height: 40px; color: #484848; text-align: center;\">Vous voulez InterviewApp pour votre organisation ?<\/p>\n<div class=\"fusion-one-half fusion-layout-column fusion-spacing-no\" style=\"margin-top:10px;margin-bottom:20px;\"><div class=\"fusion-column-wrapper\" style=\"padding:10px;\"><div class=\"fusion-button-wrapper fusion-alignright\"><style type=\"text\/css\" scoped=\"scoped\">.fusion-button.button-1{border-width:1px;color:#ffffff;border-color:#ffffff;}.fusion-button.button-1:hover,.fusion-button.button-1:focus,.fusion-button.button-1:active{border-width:1px;border-color:#54aae6;color:#54aae6;}.fusion-button.button-1{background: #54aae6;}.fusion-button.button-1:hover,.button-1:focus,.fusion-button.button-1:active{background: transparent;}<\/style><a class=\"fusion-button button-flat button-round button-large button-custom button-1\" target=\"_self\" href=\"\/fr\/contact\/demo\"><span class=\"fusion-button-text\">Demander une d\u00e9mo<\/span><\/a><\/div><\/div><\/div><div class=\"fusion-one-half fusion-layout-column fusion-column-last fusion-spacing-no\" style=\"margin-top:10px;margin-bottom:20px;\"><div class=\"fusion-column-wrapper\" style=\"padding:10px;\"><div class=\"fusion-button-wrapper fusion-alignleft\"><style type=\"text\/css\" scoped=\"scoped\">.fusion-button.button-2{border-width:1px;color:#54aae6;border-color:#54aae6;}.fusion-button.button-2:hover,.fusion-button.button-2:focus,.fusion-button.button-2:active{border-width:1px;border-color:#ffffff;color:#ffffff;}.fusion-button.button-2{background: transparent;}.fusion-button.button-2:hover,.button-2:focus,.fusion-button.button-2:active{background: #54aae6;}<\/style><a class=\"fusion-button button-flat button-round button-large button-custom button-2\" target=\"_self\" href=\"https:\/\/itwapp.io\/signup\"><span class=\"fusion-button-text\">Essayer gratuitement<\/span><\/a><\/div><\/div><\/div><div class=\"fusion-clearfix\"><\/div><\/div><\/div>\n","protected":false},"excerpt":{"rendered":"","protected":false},"author":3,"featured_media":0,"parent":0,"menu_order":0,"comment_status":"closed","ping_status":"closed","template":"100-width.php","meta":{"footnotes":""},"class_list":["post-1362","page","type-page","status-publish","hentry"],"_links":{"self":[{"href":"https:\/\/about.itwapp.io\/fr\/wp-json\/wp\/v2\/pages\/1362","targetHints":{"allow":["GET"]}}],"collection":[{"href":"https:\/\/about.itwapp.io\/fr\/wp-json\/wp\/v2\/pages"}],"about":[{"href":"https:\/\/about.itwapp.io\/fr\/wp-json\/wp\/v2\/types\/page"}],"author":[{"embeddable":true,"href":"https:\/\/about.itwapp.io\/fr\/wp-json\/wp\/v2\/users\/3"}],"replies":[{"embeddable":true,"href":"https:\/\/about.itwapp.io\/fr\/wp-json\/wp\/v2\/comments?post=1362"}],"version-history":[{"count":39,"href":"https:\/\/about.itwapp.io\/fr\/wp-json\/wp\/v2\/pages\/1362\/revisions"}],"predecessor-version":[{"id":1938,"href":"https:\/\/about.itwapp.io\/fr\/wp-json\/wp\/v2\/pages\/1362\/revisions\/1938"}],"wp:attachment":[{"href":"https:\/\/about.itwapp.io\/fr\/wp-json\/wp\/v2\/media?parent=1362"}],"curies":[{"name":"wp","href":"https:\/\/api.w.org\/{rel}","templated":true}]}}